{"id":20,"date":"2025-05-22T15:51:55","date_gmt":"2025-05-22T13:51:55","guid":{"rendered":"https:\/\/bi-s-am.de\/?page_id=20"},"modified":"2026-04-13T10:01:25","modified_gmt":"2026-04-13T08:01:25","slug":"bisam","status":"publish","type":"page","link":"https:\/\/bi-s-am.de\/","title":{"rendered":"BisAM"},"content":{"rendered":"\n<p>Der Betrieb von Strom- und Gasnetzen steht vor zunehmenden Herausforderungen. Alternde Betriebsmittel, hohe Auslastung, ein geringer Digitalisierungsgrad sowie die Anforderungen der Energiewende erschweren die Aufgaben des Asset-Managements. Ziel des Projekts BisAM ist die Entwicklung einer sektor- und betriebsmittel\u00fcbergreifenden Datenbank, die eine realit\u00e4tsgerechte Zustandsbewertung der Betriebsmittel erm\u00f6glicht. Dadurch k\u00f6nnen Instandhaltungs- und Erneuerungsstrategien gezielt optimiert und Ressourcen effizient eingesetzt werden.<\/p>\n\n\n\n<p>Im Rahmen des Forschungsprojektes BisAM, welches durch das EFRE\/JTF Programm NRW 21-27 gef\u00f6rdert wird, arbeiten die Bergische Universit\u00e4t Wuppertal und die CETEQ GmbH gemeinsam an einer L\u00f6sung f\u00fcr diese Herausforderungen.<\/p>\n\n\n\n<p>Das Projekt hat im April 2025 begonnen und die erste Phase der Anforderungserhebung ist in vollem Gange. Wir werden alle Interessierten \u00fcber diese Webseite auf dem Laufenden halten.<\/p>\n\n\n\n<p>Das Konsortium:<\/p>\n\n\n\n<figure class=\"wp-block-gallery aligncenter has-nested-images columns-5 wp-block-gallery-1 is-layout-flex wp-block-gallery-is-layout-flex\">\n<figure class=\"wp-block-image size-full\"><a href=\"http:\/\/www.evt.uni-wuppertal.de\/\"><img loading=\"lazy\" decoding=\"async\" width=\"300\" height=\"100\" data-id=\"40\" src=\"https:\/\/bi-s-am.de\/wp-content\/uploads\/2025\/05\/BUW.jpg\" alt=\"\" class=\"wp-image-40\" srcset=\"https:\/\/bi-s-am.de\/wp-content\/uploads\/2025\/05\/BUW.jpg 300w, https:\/\/bi-s-am.de\/wp-content\/uploads\/2025\/05\/BUW-150x50.jpg 150w\" sizes=\"auto, (max-width: 300px) 100vw, 300px\" \/><\/a><\/figure>\n\n\n\n<figure class=\"wp-block-image size-full\"><a href=\"https:\/\/ceteq.de\"><img loading=\"lazy\" decoding=\"async\" width=\"300\" height=\"100\" data-id=\"29\" src=\"https:\/\/bi-s-am.de\/wp-content\/uploads\/2025\/05\/ceteq.png\" alt=\"\" class=\"wp-image-29\"\/><\/a><\/figure>\n\n\n\n<figure class=\"wp-block-image size-full\"><img loading=\"lazy\" decoding=\"async\" width=\"300\" height=\"100\" data-id=\"27\" src=\"https:\/\/bi-s-am.de\/wp-content\/uploads\/2025\/05\/BisAM.png\" alt=\"\" class=\"wp-image-27\"\/><\/figure>\n<\/figure>\n\n\n\n<p>Die F\u00f6rdermittelgeber:<\/p>\n\n\n\n<figure class=\"wp-block-image aligncenter size-full\"><a href=\"https:\/\/www.efre.nrw.de\/\"><img loading=\"lazy\" decoding=\"async\" width=\"815\" height=\"146\" src=\"https:\/\/bi-s-am.de\/wp-content\/uploads\/2026\/03\/euefre.png\" alt=\"\" class=\"wp-image-73\" srcset=\"https:\/\/bi-s-am.de\/wp-content\/uploads\/2026\/03\/euefre.png 815w, https:\/\/bi-s-am.de\/wp-content\/uploads\/2026\/03\/euefre-300x54.png 300w, https:\/\/bi-s-am.de\/wp-content\/uploads\/2026\/03\/euefre-150x27.png 150w, https:\/\/bi-s-am.de\/wp-content\/uploads\/2026\/03\/euefre-768x138.png 768w\" sizes=\"auto, (max-width: 815px) 100vw, 815px\" \/><\/a><\/figure>\n\n\n\n<p><\/p>\n","protected":false},"excerpt":{"rendered":"<p>Der Betrieb von Strom- und Gasnetzen steht vor zunehmenden Herausforderungen. Alternde Betriebsmittel, hohe Auslastung, ein geringer Digitalisierungsgrad sowie die Anforderungen der Energiewende erschweren die Aufgaben des Asset-Managements. Ziel des Projekts BisAM ist die Entwicklung einer sektor- und betriebsmittel\u00fcbergreifenden Datenbank, die eine realit\u00e4tsgerechte Zustandsbewertung der Betriebsmittel erm\u00f6glicht. Dadurch k\u00f6nnen Instandhaltungs- und Erneuerungsstrategien gezielt optimiert und Ressourcen [&hellip;]<\/p>\n","protected":false},"author":1,"featured_media":0,"parent":0,"menu_order":0,"comment_status":"closed","ping_status":"closed","template":"","meta":{"footnotes":""},"class_list":["post-20","page","type-page","status-publish","hentry"],"_links":{"self":[{"href":"https:\/\/bi-s-am.de\/index.php?rest_route=\/wp\/v2\/pages\/20","targetHints":{"allow":["GET"]}}],"collection":[{"href":"https:\/\/bi-s-am.de\/index.php?rest_route=\/wp\/v2\/pages"}],"about":[{"href":"https:\/\/bi-s-am.de\/index.php?rest_route=\/wp\/v2\/types\/page"}],"author":[{"embeddable":true,"href":"https:\/\/bi-s-am.de\/index.php?rest_route=\/wp\/v2\/users\/1"}],"replies":[{"embeddable":true,"href":"https:\/\/bi-s-am.de\/index.php?rest_route=%2Fwp%2Fv2%2Fcomments&post=20"}],"version-history":[{"count":22,"href":"https:\/\/bi-s-am.de\/index.php?rest_route=\/wp\/v2\/pages\/20\/revisions"}],"predecessor-version":[{"id":102,"href":"https:\/\/bi-s-am.de\/index.php?rest_route=\/wp\/v2\/pages\/20\/revisions\/102"}],"wp:attachment":[{"href":"https:\/\/bi-s-am.de\/index.php?rest_route=%2Fwp%2Fv2%2Fmedia&parent=20"}],"curies":[{"name":"wp","href":"https:\/\/api.w.org\/{rel}","templated":true}]}}